{"id":53479,"date":"2019-02-08T10:53:52","date_gmt":"2019-02-08T09:53:52","guid":{"rendered":"http:\/\/192.168.2.177\/wordpress\/?page_id=53479"},"modified":"2019-07-25T14:23:38","modified_gmt":"2019-07-25T12:23:38","slug":"datenschutz","status":"publish","type":"page","link":"https:\/\/www.intra-service.de\/index.php\/datenschutz\/","title":{"rendered":"Datenschutz"},"content":{"rendered":"<div class=\"wpb-content-wrapper\"><p>[vc_row margin_bottom=&#8220;40&#8243;][vc_column][vc_cta h2=&#8220;&#8220; h4=&#8220;Datenschutz&#8220;]Die Betreiber dieser Seiten nehmen den Schutz Ihrer pers\u00f6nlichen Daten sehr ernst. Wir behandeln Ihre personenbezogenen Daten vertraulich und entsprechend der gesetzlichen Datenschutzvorschriften sowie dieser Datenschutzerkl\u00e4rung.<\/p>\n<p>Die Nutzung unserer Website ist in der Regel ohne Angabe personenbezogener Daten m\u00f6glich. Soweit auf unseren Seiten personenbezogene Daten (beispielsweise Name, Anschrift oder E-Mail-Adressen) erhoben werden, erfolgt dies, soweit m\u00f6glich, stets auf freiwilliger Basis. Diese Daten werden ohne Ihre ausdr\u00fcckliche Zustimmung nicht an Dritte weitergegeben.<\/p>\n<p>Wir weisen darauf hin, dass die Daten\u00fcbertragung im Internet (z.B. bei der Kommunikation per E-Mail) Sicherheitsl\u00fccken aufweisen kann. Ein l\u00fcckenloser Schutz der Daten vor dem Zugriff durch Dritte ist nicht m\u00f6glich.[\/vc_cta][\/vc_column][\/vc_row][vc_row margin_bottom=&#8220;40&#8243;][vc_column][vc_cta h2=&#8220;&#8220; h4=&#8220;Cookies&#8220;]Die Internetseiten verwenden teilweise so genannte Cookies. Cookies richten auf\u00a0Ihrem Rechner keinen Schaden an und enthalten keine Viren. Cookies dienen dazu,\u00a0unser Angebot nutzerfreundlicher, effektiver und sicherer zu machen. Cookies sind\u00a0kleine Textdateien, die auf Ihrem Rechner abgelegt werden und die Ihr Browser\u00a0speichert.<\/p>\n<p>Die meisten der von uns verwendeten Cookies sind so genannte \u201eSession-Cookies\u201c.<br \/>\nSie werden nach Ende Ihres Besuchs automatisch gel\u00f6scht. Andere Cookies bleiben auf Ihrem Endger\u00e4t gespeichert, bis Sie diese l\u00f6schen. Diese Cookies erm\u00f6glichen es uns, Ihren Browser beim n\u00e4chsten Besuch wiederzuerkennen.<\/p>\n<p>Sie k\u00f6nnen Ihren Browser so einstellen, dass Sie \u00fcber das Setzen von Cookies informiert werden und Cookies nur im Einzelfall erlauben, die Annahme von Cookies f\u00fcr bestimmte F\u00e4lle oder generell ausschlie\u00dfen sowie das automatische L\u00f6schen der Cookies beim Schlie\u00dfen des Browser aktivieren. Bei der Deaktivierung von Cookies kann die Funktionalit\u00e4t dieser Website eingeschr\u00e4nkt sein.[\/vc_cta][\/vc_column][\/vc_row][vc_row margin_bottom=&#8220;40&#8243;][vc_column][vc_cta h2=&#8220;&#8220; h4=&#8220;Server-Log-Files&#8220;]<\/p>\n<div>\n<p class=\"bodytext\">Der Provider der Seiten erhebt und speichert automatisch Informationen in so genannten Server-Log Files, die Ihr Browser automatisch an uns \u00fcbermittelt. Dies sind:<\/p>\n<p class=\"bodytext\">\u2013 Browsertyp und Browserversion<\/p>\n<p class=\"bodytext\">\u2013 verwendetes Betriebssystem<\/p>\n<p class=\"bodytext\">\u2013 Referrer URL<\/p>\n<p class=\"bodytext\">\u2013 Hostname des zugreifenden Rechners<\/p>\n<p class=\"bodytext\">\u2013 Uhrzeit der Serveranfrage<\/p>\n<\/div>\n<div>\n<p class=\"bodytext\">Diese Daten sind nicht bestimmten Personen zuordenbar. Eine Zusammenf\u00fchrung dieser Daten mit anderen Datenquellen wird nicht vorgenommen. Wir behalten uns vor, diese Daten nachtr\u00e4glich zu pr\u00fcfen, wenn uns konkrete Anhaltspunkte f\u00fcr eine rechtswidrige Nutzung bekannt werden.<\/p>\n<\/div>\n<p>[\/vc_cta][\/vc_column][\/vc_row][vc_row margin_bottom=&#8220;40&#8243;][vc_column][vc_cta h2=&#8220;&#8220; h4=&#8220;Kontaktformular&#8220;]<\/p>\n<p class=\"bodytext\">Wenn Sie uns per Kontaktformular Anfragen zukommen lassen, werden Ihre Angaben<br \/>\naus dem Anfrageformular inklusive der von Ihnen dort angegebenen Kontaktdaten zwecks Bearbeitung der Anfrage und f\u00fcr den Fall von Anschlussfragen bei uns gespeichert.<br \/>\nDiese Daten geben wir nicht ohne Ihre Einwilligung weiter.<\/p>\n<p>[\/vc_cta][\/vc_column][\/vc_row][vc_row margin_bottom=&#8220;40&#8243;][vc_column][vc_cta h2=&#8220;&#8220; h4=&#8220;Newsletterdaten&#8220;]<\/p>\n<div>\n<p class=\"bodytext\">Wenn Sie den auf der Website angebotenen Newsletter beziehen m\u00f6chten, ben\u00f6tigen wir von Ihnen eine E-Mail-Adresse sowie Informationen, welche uns die \u00dcberpr\u00fcfung gestatten, dass Sie der Inhaber der angegebenen E-Mail-Adresse sind und mit dem Empfang des Newsletters einverstanden sind. Weitere Daten werden nicht erhoben. Diese Daten verwenden wir ausschlie\u00dflich f\u00fcr den Versand der angeforderten Informationen und<br \/>\ngeben sie nicht an Dritte weiter.<\/p>\n<\/div>\n<div>\n<p class=\"bodytext\">Die erteilte Einwilligung zur Speicherung der Daten, der E-Mail-Adresse sowie deren Nutzung zum Versand des Newsletters k\u00f6nnen Sie jederzeit widerrufen, etwa \u00fcber<br \/>\nden \u201eAustragen\u201c-Link im Newsletter.<\/p>\n<\/div>\n<p>[\/vc_cta][\/vc_column][\/vc_row][vc_row margin_bottom=&#8220;40&#8243;][vc_column][vc_cta h2=&#8220;&#8220; h4=&#8220;Google Analytics&#8220;]<\/p>\n<div>\n<p class=\"bodytext\">Diese Website nutzt Funktionen des Webanalysedienstes Google Analytics. Anbieter ist\u00a0die Google Inc., 1600 Amphitheatre Parkway Mountain View, CA 94043, USA. Google Analytics verwendet so genannte \u201eCookies\u201c. Das sind Textdateien, die auf Ihrem Computer gespeichert werden und die eine Analyse der Benutzung der Website durch Sie erm\u00f6glichen. Die durch den Cookie erzeugten Informationen \u00fcber Ihre Benutzung dieser Website werden in der Regel an einen Server von Google in den USA \u00fcbertragen und dort gespeichert.<\/p>\n<\/div>\n<div>\n<p class=\"bodytext\"><strong><i>Browser Plugin<\/i><\/strong><\/p>\n<\/div>\n<div>\n<p class=\"bodytext\">Sie k\u00f6nnen die Speicherung der Cookies durch eine entsprechende Einstellung Ihrer Browser-Software verhindern; wir weisen Sie jedoch darauf hin, dass Sie in diesem Fall gegebenenfalls nicht s\u00e4mtliche Funktionen dieser Website vollumf\u00e4nglich werden nutzen k\u00f6nnen. Sie k\u00f6nnen dar\u00fcber hinaus die Erfassung der durch den Cookie erzeugten und\u00a0auf Ihre Nutzung der Website bezogenen Daten (inkl. Ihrer IP-Adresse) an Google sowie die Verarbeitung dieser Daten durch Google verhindern, indem Sie das unter dem folgenden Link verf\u00fcgbare Browser-Plugin herunterladen und installieren:\u00a0<a class=\"external-link-new-window\" title=\"Opens external link in new window\" href=\"https:\/\/tools.google.com\/dlpage\/gaoptout?hl=de\" target=\"_blank\" rel=\"noopener noreferrer\">https:\/\/tools.google.com\/dlpage\/gaoptout?hl=de<\/a><\/p>\n<\/div>\n<div>\n<p class=\"bodytext\"><strong><i>Widerspruch gegen Datenerfassung<\/i><\/strong><\/p>\n<\/div>\n<div>\n<p class=\"bodytext\">Sie k\u00f6nnen die Erfassung Ihrer Daten durch Google Analytics verhindern, indem Sie auf folgenden Link klicken. Es wird ein Opt-Out-Cookie gesetzt, der die Erfassung Ihrer Daten bei zuk\u00fcnftigen Besuchen dieser Website verhindert:\u00a0<a target=\"_blank\" rel=\"noopener noreferrer\">Google Analytics deaktivieren<\/a><\/p>\n<\/div>\n<div>\n<p class=\"bodytext\">Mehr Informationen zum Umgang mit Nutzerdaten bei Google Analytics finden Sie in<br \/>\nder Datenschutzerkl\u00e4rung von Google:<br \/>\n<a class=\"external-link-new-window\" title=\"Opens external link in new window\" href=\"https:\/\/support.google.com\/analytics\/answer\/6004245?hl=de\" target=\"_blank\" rel=\"noopener noreferrer\">https:\/\/support.google.com\/analytics\/answer\/6004245?hl=de<\/a><\/p>\n<\/div>\n<p>[\/vc_cta][\/vc_column][\/vc_row][vc_row margin_bottom=&#8220;40&#8243;][vc_column][vc_cta h2=&#8220;&#8220; h4=&#8220;SSL-Verschl\u00fcsslung&#8220;]<\/p>\n<div>\n<p>Diese Seite nutzt aus Gr\u00fcnden der Sicherheit und zum Schutz der \u00dcbertragung vertraulicher Inhalte, wie zum Beispiel der Anfragen, die Sie an uns als Seitenbetreiber senden, eine SSL-Verschl\u00fcsselung. Eine verschl\u00fcsselte Verbindung erkennen Sie daran, dass die Adresszeile des Browsers von \u201ehttp:\/\/\u201c auf \u201ehttps:\/\/\u201c wechselt und an dem Schloss-Symbol in Ihrer Browserzeile.<\/p>\n<p>Wenn die SSL Verschl\u00fcsselung aktiviert ist, k\u00f6nnen die Daten, die Sie an uns \u00fcbermitteln, nicht von Dritten mitgelesen werden.<\/p>\n<p>Sie haben jederzeit das Recht auf unentgeltliche Auskunft \u00fcber Ihre gespeicherten personenbezogenen Daten, deren Herkunft und Empf\u00e4nger und den Zweck der Datenverarbeitung sowie ein Recht auf Berichtigung, Sperrung oder L\u00f6schung dieser\u00a0Daten. Hierzu sowie zu weiteren Fragen zum Thema personenbezogene Daten k\u00f6nnen\u00a0Sie sich jederzeit unter der im Impressum angegebenen Adresse oder per eMail an\u00a0<a>datenschutz@intra-service.de<\/a>\u00a0an uns wenden.<\/p>\n<\/div>\n<div>\n<p class=\"bodytext\">\n<\/div>\n<p>[\/vc_cta][\/vc_column][\/vc_row][vc_row margin_bottom=&#8220;40&#8243;][vc_column][vc_cta h2=&#8220;&#8220; h4=&#8220;Recht auf Auskunft, L\u00f6schung, Sperrung&#8220;]<\/p>\n<div>\n<p>Sie haben jederzeit das Recht auf unentgeltliche Auskunft \u00fcber Ihre gespeicherten personenbezogenen Daten, deren Herkunft und Empf\u00e4nger und den Zweck der Datenverarbeitung sowie ein Recht auf Berichtigung, Sperrung oder L\u00f6schung dieser\u00a0Daten. Hierzu sowie zu weiteren Fragen zum Thema personenbezogene Daten k\u00f6nnen\u00a0Sie sich jederzeit unter der im Impressum angegebenen Adresse oder per eMail an\u00a0<a>datenschutz@intra-service.de<\/a>\u00a0an uns wenden.<\/p>\n<\/div>\n<p>[\/vc_cta][\/vc_column][\/vc_row][vc_row margin_bottom=&#8220;40&#8243;][vc_column][vc_cta h2=&#8220;&#8220; h4=&#8220;Einbindung von Diensten und Inhalten Dritter&#8220;]Es kann vorkommen, dass innerhalb dieses Onlineangebotes Inhalte Dritter, wie zum Beispiel Videos von YouTube, Kartenmaterial von Google-Maps, RSS-Feeds oder Grafiken von anderen Webseiten eingebunden werden. Dies setzt immer voraus, dass die Anbieter dieser Inhalte (nachfolgend bezeichnet als \u201eDritt-Anbieter\u201c) die IP-Adresse der Nutzer wahrnehmen. Denn ohne die IP-Adresse, k\u00f6nnten sie die Inhalte nicht an den Browser<br \/>\ndes jeweiligen Nutzers senden. Die IP-Adresse ist damit f\u00fcr die Darstellung dieser Inhalte erforderlich. Wir bem\u00fchen uns nur solche Inhalte zu verwenden, deren jeweilige Anbieter die IP-Adresse lediglich zur Auslieferung der Inhalte verwenden. Jedoch haben wir keinen Einfluss darauf, falls die Dritt-Anbieter die IP-Adresse z.B. f\u00fcr statistische Zwecke speichern.[\/vc_cta][\/vc_column][\/vc_row]<\/p>\n<\/div>","protected":false},"excerpt":{"rendered":"<p>[vc_row margin_bottom=&#8220;40&#8243;][vc_column][vc_cta h2=&#8220;&#8220; h4=&#8220;Datenschutz&#8220;]Die Betreiber dieser Seiten nehmen den Schutz Ihrer pers\u00f6nlichen Daten sehr ernst. Wir behandeln Ihre personenbezogenen Daten vertraulich und entsprechend der gesetzlichen Datenschutzvorschriften sowie dieser Datenschutzerkl\u00e4rung. Die&hellip;<\/p>\n","protected":false},"author":2,"featured_media":0,"parent":0,"menu_order":6,"comment_status":"closed","ping_status":"closed","template":"","meta":{"_acf_changed":false,"inline_featured_image":false,"footnotes":""},"class_list":["post-53479","page","type-page","status-publish","hentry","description-off"],"acf":[],"yoast_head":"<!-- This site is optimized with the Yoast SEO plugin v26.7 - https:\/\/yoast.com\/wordpress\/plugins\/seo\/ -->\n<title>Datenschutz - Intra-Service<\/title>\n<meta name=\"robots\" content=\"index, follow, max-snippet:-1, max-image-preview:large, max-video-preview:-1\" \/>\n<link rel=\"canonical\" href=\"https:\/\/www.intra-service.de\/index.php\/datenschutz\/\" \/>\n<meta property=\"og:locale\" content=\"de_DE\" \/>\n<meta property=\"og:type\" content=\"article\" \/>\n<meta property=\"og:title\" content=\"Datenschutz - Intra-Service\" \/>\n<meta property=\"og:description\" content=\"[vc_row margin_bottom=&#8220;40&#8243;][vc_column][vc_cta h2=&#8220;&#8220; h4=&#8220;Datenschutz&#8220;]Die Betreiber dieser Seiten nehmen den Schutz Ihrer pers\u00f6nlichen Daten sehr ernst. Wir behandeln Ihre personenbezogenen Daten vertraulich und entsprechend der gesetzlichen Datenschutzvorschriften sowie dieser Datenschutzerkl\u00e4rung. Die&hellip;\" \/>\n<meta property=\"og:url\" content=\"https:\/\/www.intra-service.de\/index.php\/datenschutz\/\" \/>\n<meta property=\"og:site_name\" content=\"Intra-Service\" \/>\n<meta property=\"article:modified_time\" content=\"2019-07-25T12:23:38+00:00\" \/>\n<meta name=\"twitter:card\" content=\"summary_large_image\" \/>\n<meta name=\"twitter:label1\" content=\"Gesch\u00e4tzte Lesezeit\" \/>\n\t<meta name=\"twitter:data1\" content=\"6\u00a0Minuten\" \/>\n<script type=\"application\/ld+json\" class=\"yoast-schema-graph\">{\"@context\":\"https:\/\/schema.org\",\"@graph\":[{\"@type\":\"WebPage\",\"@id\":\"https:\/\/www.intra-service.de\/index.php\/datenschutz\/\",\"url\":\"https:\/\/www.intra-service.de\/index.php\/datenschutz\/\",\"name\":\"Datenschutz - Intra-Service\",\"isPartOf\":{\"@id\":\"https:\/\/www.intra-service.de\/#website\"},\"datePublished\":\"2019-02-08T09:53:52+00:00\",\"dateModified\":\"2019-07-25T12:23:38+00:00\",\"breadcrumb\":{\"@id\":\"https:\/\/www.intra-service.de\/index.php\/datenschutz\/#breadcrumb\"},\"inLanguage\":\"de\",\"potentialAction\":[{\"@type\":\"ReadAction\",\"target\":[\"https:\/\/www.intra-service.de\/index.php\/datenschutz\/\"]}]},{\"@type\":\"BreadcrumbList\",\"@id\":\"https:\/\/www.intra-service.de\/index.php\/datenschutz\/#breadcrumb\",\"itemListElement\":[{\"@type\":\"ListItem\",\"position\":1,\"name\":\"Startseite\",\"item\":\"https:\/\/www.intra-service.de\/\"},{\"@type\":\"ListItem\",\"position\":2,\"name\":\"Datenschutz\"}]},{\"@type\":\"WebSite\",\"@id\":\"https:\/\/www.intra-service.de\/#website\",\"url\":\"https:\/\/www.intra-service.de\/\",\"name\":\"Intra-Service\",\"description\":\"Klassische und Digitale Kommunikation\",\"publisher\":{\"@id\":\"https:\/\/www.intra-service.de\/#organization\"},\"potentialAction\":[{\"@type\":\"SearchAction\",\"target\":{\"@type\":\"EntryPoint\",\"urlTemplate\":\"https:\/\/www.intra-service.de\/?s={search_term_string}\"},\"query-input\":{\"@type\":\"PropertyValueSpecification\",\"valueRequired\":true,\"valueName\":\"search_term_string\"}}],\"inLanguage\":\"de\"},{\"@type\":\"Organization\",\"@id\":\"https:\/\/www.intra-service.de\/#organization\",\"name\":\"Intra Service GmbH\",\"url\":\"https:\/\/www.intra-service.de\/\",\"logo\":{\"@type\":\"ImageObject\",\"inLanguage\":\"de\",\"@id\":\"https:\/\/www.intra-service.de\/#\/schema\/logo\/image\/\",\"url\":\"https:\/\/www.intra-service.de\/wp-content\/uploads\/2019\/02\/IS-Logo-2019-bk2.svg\",\"contentUrl\":\"https:\/\/www.intra-service.de\/wp-content\/uploads\/2019\/02\/IS-Logo-2019-bk2.svg\",\"width\":1,\"height\":1,\"caption\":\"Intra Service GmbH\"},\"image\":{\"@id\":\"https:\/\/www.intra-service.de\/#\/schema\/logo\/image\/\"}}]}<\/script>\n<!-- \/ Yoast SEO plugin. -->","yoast_head_json":{"title":"Datenschutz - Intra-Service","robots":{"index":"index","follow":"follow","max-snippet":"max-snippet:-1","max-image-preview":"max-image-preview:large","max-video-preview":"max-video-preview:-1"},"canonical":"https:\/\/www.intra-service.de\/index.php\/datenschutz\/","og_locale":"de_DE","og_type":"article","og_title":"Datenschutz - Intra-Service","og_description":"[vc_row margin_bottom=&#8220;40&#8243;][vc_column][vc_cta h2=&#8220;&#8220; h4=&#8220;Datenschutz&#8220;]Die Betreiber dieser Seiten nehmen den Schutz Ihrer pers\u00f6nlichen Daten sehr ernst. Wir behandeln Ihre personenbezogenen Daten vertraulich und entsprechend der gesetzlichen Datenschutzvorschriften sowie dieser Datenschutzerkl\u00e4rung. Die&hellip;","og_url":"https:\/\/www.intra-service.de\/index.php\/datenschutz\/","og_site_name":"Intra-Service","article_modified_time":"2019-07-25T12:23:38+00:00","twitter_card":"summary_large_image","twitter_misc":{"Gesch\u00e4tzte Lesezeit":"6\u00a0Minuten"},"schema":{"@context":"https:\/\/schema.org","@graph":[{"@type":"WebPage","@id":"https:\/\/www.intra-service.de\/index.php\/datenschutz\/","url":"https:\/\/www.intra-service.de\/index.php\/datenschutz\/","name":"Datenschutz - Intra-Service","isPartOf":{"@id":"https:\/\/www.intra-service.de\/#website"},"datePublished":"2019-02-08T09:53:52+00:00","dateModified":"2019-07-25T12:23:38+00:00","breadcrumb":{"@id":"https:\/\/www.intra-service.de\/index.php\/datenschutz\/#breadcrumb"},"inLanguage":"de","potentialAction":[{"@type":"ReadAction","target":["https:\/\/www.intra-service.de\/index.php\/datenschutz\/"]}]},{"@type":"BreadcrumbList","@id":"https:\/\/www.intra-service.de\/index.php\/datenschutz\/#breadcrumb","itemListElement":[{"@type":"ListItem","position":1,"name":"Startseite","item":"https:\/\/www.intra-service.de\/"},{"@type":"ListItem","position":2,"name":"Datenschutz"}]},{"@type":"WebSite","@id":"https:\/\/www.intra-service.de\/#website","url":"https:\/\/www.intra-service.de\/","name":"Intra-Service","description":"Klassische und Digitale Kommunikation","publisher":{"@id":"https:\/\/www.intra-service.de\/#organization"},"potentialAction":[{"@type":"SearchAction","target":{"@type":"EntryPoint","urlTemplate":"https:\/\/www.intra-service.de\/?s={search_term_string}"},"query-input":{"@type":"PropertyValueSpecification","valueRequired":true,"valueName":"search_term_string"}}],"inLanguage":"de"},{"@type":"Organization","@id":"https:\/\/www.intra-service.de\/#organization","name":"Intra Service GmbH","url":"https:\/\/www.intra-service.de\/","logo":{"@type":"ImageObject","inLanguage":"de","@id":"https:\/\/www.intra-service.de\/#\/schema\/logo\/image\/","url":"https:\/\/www.intra-service.de\/wp-content\/uploads\/2019\/02\/IS-Logo-2019-bk2.svg","contentUrl":"https:\/\/www.intra-service.de\/wp-content\/uploads\/2019\/02\/IS-Logo-2019-bk2.svg","width":1,"height":1,"caption":"Intra Service GmbH"},"image":{"@id":"https:\/\/www.intra-service.de\/#\/schema\/logo\/image\/"}}]}},"_links":{"self":[{"href":"https:\/\/www.intra-service.de\/index.php\/wp-json\/wp\/v2\/pages\/53479","targetHints":{"allow":["GET"]}}],"collection":[{"href":"https:\/\/www.intra-service.de\/index.php\/wp-json\/wp\/v2\/pages"}],"about":[{"href":"https:\/\/www.intra-service.de\/index.php\/wp-json\/wp\/v2\/types\/page"}],"author":[{"embeddable":true,"href":"https:\/\/www.intra-service.de\/index.php\/wp-json\/wp\/v2\/users\/2"}],"replies":[{"embeddable":true,"href":"https:\/\/www.intra-service.de\/index.php\/wp-json\/wp\/v2\/comments?post=53479"}],"version-history":[{"count":50,"href":"https:\/\/www.intra-service.de\/index.php\/wp-json\/wp\/v2\/pages\/53479\/revisions"}],"predecessor-version":[{"id":54783,"href":"https:\/\/www.intra-service.de\/index.php\/wp-json\/wp\/v2\/pages\/53479\/revisions\/54783"}],"wp:attachment":[{"href":"https:\/\/www.intra-service.de\/index.php\/wp-json\/wp\/v2\/media?parent=53479"}],"curies":[{"name":"wp","href":"https:\/\/api.w.org\/{rel}","templated":true}]}}