{"id":54639,"date":"2019-06-25T13:42:08","date_gmt":"2019-06-25T11:42:08","guid":{"rendered":"http:\/\/192.168.2.177\/wordpress\/?page_id=54639"},"modified":"2019-07-25T12:57:46","modified_gmt":"2019-07-25T10:57:46","slug":"fuer-sie-wachsen-wir-ueber-uns-hinaus","status":"publish","type":"page","link":"https:\/\/www.intra-service.de\/index.php\/fuer-sie-wachsen-wir-ueber-uns-hinaus\/","title":{"rendered":"F\u00fcr Sie wachsen wir \u00fcber uns hinaus"},"content":{"rendered":"<div class=\"wpb-content-wrapper\"><p>[vc_row][vc_column][vc_cta h2=&#8220;F\u00fcr Sie wachsen wir \u00fcber uns hinaus&#8220;]Ob als Erg\u00e4nzung Ihres Marketing-Plans oder als Alternative zu bisherigen Partnern, mit unserem breit aufgestellten Team finden wir mit Ihnen gemeinsam die passende L\u00f6sung f\u00fcr Ihre Anforderungen. Unser Angebotsspektrum umfasst die Bereiche:[\/vc_cta][\/vc_column][\/vc_row][vc_row][vc_column][vc_empty_space][\/vc_column][\/vc_row][vc_row][vc_column][vc_cta h2=&#8220;&#8220; h4=&#8220;Grafik&#8220;]<\/p>\n<ul>\n<li>Konzeption und Gestaltung<\/li>\n<li>Reinzeichnung<\/li>\n<li>Fotomontagen<\/li>\n<li>Visualisierung<\/li>\n<li>Ausarbeitung von individuellen Sonderl\u00f6sungen<\/li>\n<\/ul>\n<p>[\/vc_cta][\/vc_column][\/vc_row][vc_row][vc_column][vc_empty_space][\/vc_column][\/vc_row][vc_row][vc_column][vc_cta h2=&#8220;&#8220; h4=&#8220;Produktionsservice&#8220;]<\/p>\n<ul>\n<li>Printproduktion<\/li>\n<li>Brosch\u00fcren und Publikationen aller Art<\/li>\n<li>Gesch\u00e4ftsdrucksachen<\/li>\n<li>Displays<\/li>\n<li>Textildruck und Stick<\/li>\n<li>Werbemittel<\/li>\n<li>Technische Beratung<\/li>\n<li>Druckabstimmung<\/li>\n<li>Sonderl\u00f6sungen aller Art<\/li>\n<\/ul>\n<p>[\/vc_cta][\/vc_column][\/vc_row][vc_row][vc_column][vc_empty_space][\/vc_column][\/vc_row][vc_row][vc_column][vc_cta h2=&#8220;&#8220; h4=&#8220;Werbetechnik&#8220;]<\/p>\n<ul>\n<li>Large Format Printing<\/li>\n<li>Folienplots inkl. Weiterverarbeitung<\/li>\n<li>Displaysysteme<\/li>\n<li>Au\u00dfenwerbung<\/li>\n<li>Folien f\u00fcr Geb\u00e4ude- und Fahrzeugbeschriftung<\/li>\n<li>Wegeleitsysteme<\/li>\n<li>Musterbau<\/li>\n<li>Anbringung \/ Montage direkt bei Kunden<\/li>\n<\/ul>\n<p>[\/vc_cta][\/vc_column][\/vc_row][vc_row][vc_column][vc_empty_space][\/vc_column][vc_column][vc_cta h2=&#8220;&#8220; h4=&#8220;IT&#8220;]<\/p>\n<ul>\n<li>Datenbanken f\u00fcr Prozesssteuerung inkl. Webfrontend-Anbindung\u00a0und elektronischer Jobticketfunktion<\/li>\n<li>Schnittstellenerstellung f\u00fcr Prozessanbindungen<\/li>\n<li>Formularerstellung und -programmierung<\/li>\n<li>Webdesign<\/li>\n<\/ul>\n<p>[\/vc_cta][\/vc_column][vc_column][vc_empty_space][\/vc_column][\/vc_row][vc_row][vc_column][vc_cta h2=&#8220;&#8220; h4=&#8220;Dialogmarketing&#8220;]<\/p>\n<ul>\n<li>Database Management<\/li>\n<li>IT-gest\u00fctzte Kampagnensteuerung<\/li>\n<li>Response- und Gewinnspielservice inkl. Retouren-Bearbeitung<\/li>\n<li>Pr\u00e4mienshop und Fulfillment<\/li>\n<li>Filialausstattung via Kunden-Intranet<\/li>\n<li>Online-Bestellsysteme f\u00fcr mobilen Vertrieb<\/li>\n<\/ul>\n<p>[\/vc_cta][\/vc_column][vc_column][vc_empty_space][\/vc_column][vc_column][vc_cta h2=&#8220;&#8220; h4=&#8220;Lettershop&#8220;]<\/p>\n<ul>\n<li>Lasermaskenerstellung f\u00fcr Personalisierung<\/li>\n<li>Personalisierung von Anschreiben inkl. Unterschriftensteuerung<\/li>\n<li>Datenschutzkonforme Daten\u00fcbernahme und -bearbeitung nach DSGVO<\/li>\n<li>Inhouse-Produktion und Verarbeitung der Mailings inkl. Postauslieferung<\/li>\n<li>Personalisierte Digitaldrucke (Postkarten, Klappkarten, Visitenkarten, Plakate u.\u2009v.\u2009m.)<\/li>\n<\/ul>\n<p>[\/vc_cta][\/vc_column][\/vc_row][vc_row][vc_column][vc_empty_space][\/vc_column][\/vc_row][vc_row][vc_column][vc_cta h2=&#8220;&#8220; h4=&#8220;Konfektionierung und Versand&#8220;]<\/p>\n<ul>\n<li>Konfektionierung und Versand nach Adressverteiler<\/li>\n<li>Konfektionierung personalisierter Materialien<\/li>\n<li>Frankieren, kuvertieren und Postauslieferung<\/li>\n<\/ul>\n<p>[\/vc_cta][\/vc_column][\/vc_row][vc_row][vc_column][vc_empty_space][\/vc_column][\/vc_row][vc_row][vc_column][vc_btn title=&#8220;Referenzen&#8220; i_icon_fontawesome=&#8220;fa fa-chevron-right&#8220; add_icon=&#8220;true&#8220; link=&#8220;url:http%3A%2F%2Fwww.intra-service.de%2Findex.php%2Freferenzen%2F|title:Referenzen||&#8220;][\/vc_column][\/vc_row]<\/p>\n<\/div>","protected":false},"excerpt":{"rendered":"<p>[vc_row][vc_column][vc_cta h2=&#8220;F\u00fcr Sie wachsen wir \u00fcber uns hinaus&#8220;]Ob als Erg\u00e4nzung Ihres Marketing-Plans oder als Alternative zu bisherigen Partnern, mit unserem breit aufgestellten Team finden wir mit Ihnen gemeinsam die passende&hellip;<\/p>\n","protected":false},"author":2,"featured_media":0,"parent":0,"menu_order":0,"comment_status":"closed","ping_status":"closed","template":"","meta":{"_acf_changed":false,"inline_featured_image":false,"footnotes":""},"class_list":["post-54639","page","type-page","status-publish","hentry","description-off"],"acf":[],"yoast_head":"<!-- This site is optimized with the Yoast SEO plugin v26.7 - https:\/\/yoast.com\/wordpress\/plugins\/seo\/ -->\n<title>F\u00fcr Sie wachsen wir \u00fcber uns hinaus - Intra-Service<\/title>\n<meta name=\"robots\" content=\"index, follow, max-snippet:-1, max-image-preview:large, max-video-preview:-1\" \/>\n<link rel=\"canonical\" href=\"https:\/\/www.intra-service.de\/index.php\/fuer-sie-wachsen-wir-ueber-uns-hinaus\/\" \/>\n<meta property=\"og:locale\" content=\"de_DE\" \/>\n<meta property=\"og:type\" content=\"article\" \/>\n<meta property=\"og:title\" content=\"F\u00fcr Sie wachsen wir \u00fcber uns hinaus - Intra-Service\" \/>\n<meta property=\"og:description\" content=\"[vc_row][vc_column][vc_cta h2=&#8220;F\u00fcr Sie wachsen wir \u00fcber uns hinaus&#8220;]Ob als Erg\u00e4nzung Ihres Marketing-Plans oder als Alternative zu bisherigen Partnern, mit unserem breit aufgestellten Team finden wir mit Ihnen gemeinsam die passende&hellip;\" \/>\n<meta property=\"og:url\" content=\"https:\/\/www.intra-service.de\/index.php\/fuer-sie-wachsen-wir-ueber-uns-hinaus\/\" \/>\n<meta property=\"og:site_name\" content=\"Intra-Service\" \/>\n<meta property=\"article:modified_time\" content=\"2019-07-25T10:57:46+00:00\" \/>\n<meta name=\"twitter:card\" content=\"summary_large_image\" \/>\n<meta name=\"twitter:label1\" content=\"Gesch\u00e4tzte Lesezeit\" \/>\n\t<meta name=\"twitter:data1\" content=\"2\u00a0Minuten\" \/>\n<script type=\"application\/ld+json\" class=\"yoast-schema-graph\">{\"@context\":\"https:\/\/schema.org\",\"@graph\":[{\"@type\":\"WebPage\",\"@id\":\"https:\/\/www.intra-service.de\/index.php\/fuer-sie-wachsen-wir-ueber-uns-hinaus\/\",\"url\":\"https:\/\/www.intra-service.de\/index.php\/fuer-sie-wachsen-wir-ueber-uns-hinaus\/\",\"name\":\"F\u00fcr Sie wachsen wir \u00fcber uns hinaus - Intra-Service\",\"isPartOf\":{\"@id\":\"https:\/\/www.intra-service.de\/#website\"},\"datePublished\":\"2019-06-25T11:42:08+00:00\",\"dateModified\":\"2019-07-25T10:57:46+00:00\",\"breadcrumb\":{\"@id\":\"https:\/\/www.intra-service.de\/index.php\/fuer-sie-wachsen-wir-ueber-uns-hinaus\/#breadcrumb\"},\"inLanguage\":\"de\",\"potentialAction\":[{\"@type\":\"ReadAction\",\"target\":[\"https:\/\/www.intra-service.de\/index.php\/fuer-sie-wachsen-wir-ueber-uns-hinaus\/\"]}]},{\"@type\":\"BreadcrumbList\",\"@id\":\"https:\/\/www.intra-service.de\/index.php\/fuer-sie-wachsen-wir-ueber-uns-hinaus\/#breadcrumb\",\"itemListElement\":[{\"@type\":\"ListItem\",\"position\":1,\"name\":\"Startseite\",\"item\":\"https:\/\/www.intra-service.de\/\"},{\"@type\":\"ListItem\",\"position\":2,\"name\":\"F\u00fcr Sie wachsen wir \u00fcber uns hinaus\"}]},{\"@type\":\"WebSite\",\"@id\":\"https:\/\/www.intra-service.de\/#website\",\"url\":\"https:\/\/www.intra-service.de\/\",\"name\":\"Intra-Service\",\"description\":\"Klassische und Digitale Kommunikation\",\"publisher\":{\"@id\":\"https:\/\/www.intra-service.de\/#organization\"},\"potentialAction\":[{\"@type\":\"SearchAction\",\"target\":{\"@type\":\"EntryPoint\",\"urlTemplate\":\"https:\/\/www.intra-service.de\/?s={search_term_string}\"},\"query-input\":{\"@type\":\"PropertyValueSpecification\",\"valueRequired\":true,\"valueName\":\"search_term_string\"}}],\"inLanguage\":\"de\"},{\"@type\":\"Organization\",\"@id\":\"https:\/\/www.intra-service.de\/#organization\",\"name\":\"Intra Service GmbH\",\"url\":\"https:\/\/www.intra-service.de\/\",\"logo\":{\"@type\":\"ImageObject\",\"inLanguage\":\"de\",\"@id\":\"https:\/\/www.intra-service.de\/#\/schema\/logo\/image\/\",\"url\":\"https:\/\/www.intra-service.de\/wp-content\/uploads\/2019\/02\/IS-Logo-2019-bk2.svg\",\"contentUrl\":\"https:\/\/www.intra-service.de\/wp-content\/uploads\/2019\/02\/IS-Logo-2019-bk2.svg\",\"width\":1,\"height\":1,\"caption\":\"Intra Service GmbH\"},\"image\":{\"@id\":\"https:\/\/www.intra-service.de\/#\/schema\/logo\/image\/\"}}]}<\/script>\n<!-- \/ Yoast SEO plugin. -->","yoast_head_json":{"title":"F\u00fcr Sie wachsen wir \u00fcber uns hinaus - Intra-Service","robots":{"index":"index","follow":"follow","max-snippet":"max-snippet:-1","max-image-preview":"max-image-preview:large","max-video-preview":"max-video-preview:-1"},"canonical":"https:\/\/www.intra-service.de\/index.php\/fuer-sie-wachsen-wir-ueber-uns-hinaus\/","og_locale":"de_DE","og_type":"article","og_title":"F\u00fcr Sie wachsen wir \u00fcber uns hinaus - Intra-Service","og_description":"[vc_row][vc_column][vc_cta h2=&#8220;F\u00fcr Sie wachsen wir \u00fcber uns hinaus&#8220;]Ob als Erg\u00e4nzung Ihres Marketing-Plans oder als Alternative zu bisherigen Partnern, mit unserem breit aufgestellten Team finden wir mit Ihnen gemeinsam die passende&hellip;","og_url":"https:\/\/www.intra-service.de\/index.php\/fuer-sie-wachsen-wir-ueber-uns-hinaus\/","og_site_name":"Intra-Service","article_modified_time":"2019-07-25T10:57:46+00:00","twitter_card":"summary_large_image","twitter_misc":{"Gesch\u00e4tzte Lesezeit":"2\u00a0Minuten"},"schema":{"@context":"https:\/\/schema.org","@graph":[{"@type":"WebPage","@id":"https:\/\/www.intra-service.de\/index.php\/fuer-sie-wachsen-wir-ueber-uns-hinaus\/","url":"https:\/\/www.intra-service.de\/index.php\/fuer-sie-wachsen-wir-ueber-uns-hinaus\/","name":"F\u00fcr Sie wachsen wir \u00fcber uns hinaus - Intra-Service","isPartOf":{"@id":"https:\/\/www.intra-service.de\/#website"},"datePublished":"2019-06-25T11:42:08+00:00","dateModified":"2019-07-25T10:57:46+00:00","breadcrumb":{"@id":"https:\/\/www.intra-service.de\/index.php\/fuer-sie-wachsen-wir-ueber-uns-hinaus\/#breadcrumb"},"inLanguage":"de","potentialAction":[{"@type":"ReadAction","target":["https:\/\/www.intra-service.de\/index.php\/fuer-sie-wachsen-wir-ueber-uns-hinaus\/"]}]},{"@type":"BreadcrumbList","@id":"https:\/\/www.intra-service.de\/index.php\/fuer-sie-wachsen-wir-ueber-uns-hinaus\/#breadcrumb","itemListElement":[{"@type":"ListItem","position":1,"name":"Startseite","item":"https:\/\/www.intra-service.de\/"},{"@type":"ListItem","position":2,"name":"F\u00fcr Sie wachsen wir \u00fcber uns hinaus"}]},{"@type":"WebSite","@id":"https:\/\/www.intra-service.de\/#website","url":"https:\/\/www.intra-service.de\/","name":"Intra-Service","description":"Klassische und Digitale Kommunikation","publisher":{"@id":"https:\/\/www.intra-service.de\/#organization"},"potentialAction":[{"@type":"SearchAction","target":{"@type":"EntryPoint","urlTemplate":"https:\/\/www.intra-service.de\/?s={search_term_string}"},"query-input":{"@type":"PropertyValueSpecification","valueRequired":true,"valueName":"search_term_string"}}],"inLanguage":"de"},{"@type":"Organization","@id":"https:\/\/www.intra-service.de\/#organization","name":"Intra Service GmbH","url":"https:\/\/www.intra-service.de\/","logo":{"@type":"ImageObject","inLanguage":"de","@id":"https:\/\/www.intra-service.de\/#\/schema\/logo\/image\/","url":"https:\/\/www.intra-service.de\/wp-content\/uploads\/2019\/02\/IS-Logo-2019-bk2.svg","contentUrl":"https:\/\/www.intra-service.de\/wp-content\/uploads\/2019\/02\/IS-Logo-2019-bk2.svg","width":1,"height":1,"caption":"Intra Service GmbH"},"image":{"@id":"https:\/\/www.intra-service.de\/#\/schema\/logo\/image\/"}}]}},"_links":{"self":[{"href":"https:\/\/www.intra-service.de\/index.php\/wp-json\/wp\/v2\/pages\/54639","targetHints":{"allow":["GET"]}}],"collection":[{"href":"https:\/\/www.intra-service.de\/index.php\/wp-json\/wp\/v2\/pages"}],"about":[{"href":"https:\/\/www.intra-service.de\/index.php\/wp-json\/wp\/v2\/types\/page"}],"author":[{"embeddable":true,"href":"https:\/\/www.intra-service.de\/index.php\/wp-json\/wp\/v2\/users\/2"}],"replies":[{"embeddable":true,"href":"https:\/\/www.intra-service.de\/index.php\/wp-json\/wp\/v2\/comments?post=54639"}],"version-history":[{"count":12,"href":"https:\/\/www.intra-service.de\/index.php\/wp-json\/wp\/v2\/pages\/54639\/revisions"}],"predecessor-version":[{"id":54775,"href":"https:\/\/www.intra-service.de\/index.php\/wp-json\/wp\/v2\/pages\/54639\/revisions\/54775"}],"wp:attachment":[{"href":"https:\/\/www.intra-service.de\/index.php\/wp-json\/wp\/v2\/media?parent=54639"}],"curies":[{"name":"wp","href":"https:\/\/api.w.org\/{rel}","templated":true}]}}